{"id":33,"date":"2012-07-31T02:06:41","date_gmt":"2012-07-31T08:06:41","guid":{"rendered":"http:\/\/theme-fusion.com\/avada\/?page_id=33"},"modified":"2020-11-14T14:25:19","modified_gmt":"2020-11-14T20:25:19","slug":"home","status":"publish","type":"page","link":"https:\/\/agromarialinda.com\/es\/","title":{"rendered":"Inicio"},"content":{"rendered":"<p><div class=\"fusion-fullwidth fullwidth-box fusion-builder-row-1 hundred-percent-fullwidth non-hundred-percent-height-scrolling\" style=\"background-color: rgba(255,255,255,0);background-position: center center;background-repeat: no-repeat;padding-top:0px;padding-right:0px;padding-bottom:0px;padding-left:0px;margin-bottom: 0px;margin-top: 0px;border-width: 0px 0px 0px 0px;border-color:#eae9e9;border-style:solid;\" ><style type=\"text\/css\">.fusion-fullwidth.fusion-builder-row-1 { overflow:visible; }<\/style><\/div><div class=\"fusion-builder-row fusion-row\"><\/div><div class=\"fusion-layout-column fusion_builder_column fusion-builder-column-1 fusion_builder_column_1_1 1_1 fusion-one-full fusion-column-first fusion-column-last fusion-column-no-min-height\" style=\"width:100%;margin-top:0px;margin-bottom:0px;\"><div class=\"fusion-column-wrapper fusion-flex-column-wrapper-legacy\" style=\"background-position:left top;background-repeat:no-repeat;-webkit-background-size:cover;-moz-background-size:cover;-o-background-size:cover;background-size:cover;padding: 0px 0px 0px 0px;\"><div class=\"fusion-clearfix\"><\/div><\/div><\/div><style type='text\/css'>.reading-box-container-2 .element-bottomshadow:before,.reading-box-container-2 .element-bottomshadow:after{opacity:0.7;}<\/style><div class=\"fusion-reading-box-container reading-box-container-2\" style=\"margin-top:0px;margin-bottom:84px;\"><div class=\"reading-box\" style=\"background-color:#f6f6f6;border-width:0px;border-color:#f6f6f6;border-left-width:3px;border-left-color:var(--primary_color);border-style:solid;\"><h2>Croton: Codiaeum variegatum<\/h2><div class=\"reading-box-description fusion-reading-box-additional\">Miembro de la familia de las Euforbi\u00e1ceas, esta planta nativa de Malasia y la India Oriental, es uno de los m\u00e1s coloridos arbustos de hoja perenne. Muy adaptable a la jardiner\u00eda exterior, ha sido elogiado por la belleza de sus hojas y la gama de colores que presenta: desde el amarillo y el verde, el naranja y rojo brillante. Esta croton jard\u00edn tiene que ser colocado en un \u00e1rea muy brillante, por lo que los colores de aumentar su intensidad. Si se mantiene en interiores, aseg\u00farese de colocarlo en un ambiente bien iluminado, por lo que sus colores no se desvanecen. La falta de iluminaci\u00f3n har\u00e1 que los colores se desvanecen y acelerar el proceso de defoliaci\u00f3n. Marialinda Agro exportaciones de Croton en propinas (esquejes), flexibles con conexi\u00f3n a tierra y en forma de capas. Tiene unas medidas de 8.6 cm, 8-10 cm y 10-12 cm Todas nuestras plantas son de alta calidad y compartir nuestra pasi\u00f3n por la calidad y la excelencia.<\/div><div class=\"fusion-clearfix\"><\/div><\/div><\/div><\/p>","protected":false},"excerpt":{"rendered":"","protected":false},"author":1,"featured_media":0,"parent":0,"menu_order":1,"comment_status":"closed","ping_status":"closed","template":"","meta":{"jetpack_post_was_ever_published":false,"footnotes":""},"class_list":["post-33","page","type-page","status-publish","hentry"],"jetpack_shortlink":"https:\/\/wp.me\/P2HYqi-x","jetpack_sharing_enabled":false,"_links":{"self":[{"href":"https:\/\/agromarialinda.com\/es\/wp-json\/wp\/v2\/pages\/33","targetHints":{"allow":["GET"]}}],"collection":[{"href":"https:\/\/agromarialinda.com\/es\/wp-json\/wp\/v2\/pages"}],"about":[{"href":"https:\/\/agromarialinda.com\/es\/wp-json\/wp\/v2\/types\/page"}],"author":[{"embeddable":true,"href":"https:\/\/agromarialinda.com\/es\/wp-json\/wp\/v2\/users\/1"}],"replies":[{"embeddable":true,"href":"https:\/\/agromarialinda.com\/es\/wp-json\/wp\/v2\/comments?post=33"}],"version-history":[{"count":15,"href":"https:\/\/agromarialinda.com\/es\/wp-json\/wp\/v2\/pages\/33\/revisions"}],"predecessor-version":[{"id":1778,"href":"https:\/\/agromarialinda.com\/es\/wp-json\/wp\/v2\/pages\/33\/revisions\/1778"}],"wp:attachment":[{"href":"https:\/\/agromarialinda.com\/es\/wp-json\/wp\/v2\/media?parent=33"}],"curies":[{"name":"wp","href":"https:\/\/api.w.org\/{rel}","templated":true}]}}