{"id":69,"date":"2012-07-31T02:15:48","date_gmt":"2012-07-31T02:15:48","guid":{"rendered":"http:\/\/theme-fusion.com\/avada\/?page_id=69"},"modified":"2017-05-18T23:47:22","modified_gmt":"2017-05-19T05:47:22","slug":"acerca-de-nosotros","status":"publish","type":"page","link":"https:\/\/agromarialinda.com\/es\/acerca-de-nosotros\/","title":{"rendered":"Acerca de Nosotros"},"content":{"rendered":"<p><strong>Agro Marialinda, S.A.<\/strong>\u00a0ha estado en el negocio de las plantas ornamentales desde el 2004. Todo empez\u00f3 con un propagador peque\u00f1o de Croton, y hoy tenemos vivero de m\u00e1s de 11,000 pies cuadrados con\u00a0Croton AFD5, AFD7, Banana, Gold Dust, Gold Star, Icetone, Mammy, Norma, Petra, Pictum, Red Batik, Sunny y Aglaonema Silver Queen.<\/p>\n<p>La Finca Maria Linda est\u00e1 ubicada en el departamento de Escuintla, en la costa Sur de Guatemala. Regi\u00f3n de clima caliente con un buen r\u00e9gimen de lluvia y ricos suelos. Localizada a s\u00f3lamente 132 km. de la ciudad de Guatemala.<\/p>\n<p>Contamos con personal calificado para garantizar a nuestros clientes un control estricto de producci\u00f3n, corte y manejo de nuestras plantas, as\u00ed como precios competitivos.<\/p>\n<div class=\"fusion-layout-column fusion_builder_column fusion-builder-column-2 fusion_builder_column_1_2 1_2 fusion-one-half fusion-column-first\" style=\"width:50%;width:calc(50% - ( ( 4% ) * 0.5 ) );margin-right: 4%;margin-top:0px;margin-bottom:20px;\"><div class=\"fusion-column-wrapper fusion-flex-column-wrapper-legacy\" style=\"background-position:left top;background-repeat:no-repeat;-webkit-background-size:cover;-moz-background-size:cover;-o-background-size:cover;background-size:cover;padding: 0px 0px 0px 0px;\">\n<div class=\"fusion-slider-sc fusion-flexslider-loading flexslider flexslider-hover-type-none\" data-slideshow_autoplay=\"1\" data-slideshow_smooth_height=\"0\" data-slideshow_speed=\"7000\" style=\"max-width:100%;height:100%;\"><ul class=\"slides\">\n<li class=\"image\"><span class=\"fusion-image-hover-element hover-type-none\"><img decoding=\"async\" src=\"https:\/\/agromarialinda.com\/wp-content\/uploads\/2012\/11\/about01.png\" width=\"580\" height=\"388\" \/><\/span><\/li>\n<li class=\"image\"><span class=\"fusion-image-hover-element hover-type-none\"><img decoding=\"async\" src=\"https:\/\/agromarialinda.com\/wp-content\/uploads\/2012\/11\/about02.png\" width=\"580\" height=\"388\" \/><\/span><\/li>\n<\/ul><\/div>\n<div class=\"fusion-clearfix\"><\/div><\/div><\/div>\n<div class=\"fusion-layout-column fusion_builder_column fusion-builder-column-3 fusion_builder_column_1_2 1_2 fusion-one-half fusion-column-last\" style=\"width:50%;width:calc(50% - ( ( 4% ) * 0.5 ) );margin-top:0px;margin-bottom:20px;\"><div class=\"fusion-column-wrapper fusion-flex-column-wrapper-legacy\" style=\"background-position:left top;background-repeat:no-repeat;-webkit-background-size:cover;-moz-background-size:cover;-o-background-size:cover;background-size:cover;padding: 0px 0px 0px 0px;\">\n<blockquote><p>\u201cNuestros controles fitosanitarios, fertilizaci\u00f3n y riego nos permite tener hoy una plantaci\u00f3n sana.\u201d<br \/>\nEduardo R. Casta\u00f1eda M. &#8211; Gerente General<\/p><\/blockquote>\n<p><span style=\"color: #333333;\">Nuestras plantas se exportan en\u00a0tips (esquejes), encallados, enraizados y en forma de acodos. Sus medidas estan de 6\/8, 8\/10, 10\/12<\/span><\/p>\n<p><span style=\"color: #333333;\">Los tama\u00f1os disponibles son de 6-8 pulg., 8-10 pulg.\u00a0y 10-12 pulg., dependiendo de las necesidades del cliente. Si necesita una orden hecha a la medida, no dude en contactarnos.<\/span><\/p>\n<p><span style=\"color: #333333;\">Maria Linda ofrece\u00a0Aglaonema Silver Queen.\u00a0Compartimos la pasi\u00f3n por el cultivo de plantas ornamentales, el deseo de innovar y servir a nuestros clientes productos de calidad con un servicio r\u00e1pido y personal.<\/span><\/p>\n<p><span style=\"color: #000000;\"><span style=\"color: #333333;\">En Agro Marialinda desechamos los envases qu\u00edmicos a un dep\u00f3sito aislado, que es administrado por <span style=\"text-decoration: underline;\"><a title=\"Agrequima\" href=\"http:\/\/www.agrequima.com.gt\" target=\"_blank\"><span style=\"color: #333333; text-decoration: underline;\">Agrequima<\/span><\/a><\/span>. Ellos recolectan los dep\u00f3sitos de las fincas, promoviendo una mejor conciencia ambiental respecto a los deshechos qu\u00edmicos en Guatemala.<\/span>\u00a0<\/span><div class=\"fusion-clearfix\"><\/div><\/div><\/div><\/div><style type=\"text\/css\">.fusion-fullwidth.fusion-builder-row-1 { overflow:visible; }<\/style><\/div>","protected":false},"excerpt":{"rendered":"<p>Disculpa, pero esta entrada est\u00e1 disponible s\u00f3lo en English.<\/p>\n","protected":false},"author":1,"featured_media":0,"parent":0,"menu_order":5,"comment_status":"closed","ping_status":"open","template":"full-width.php","meta":{"jetpack_post_was_ever_published":false,"footnotes":""},"class_list":["post-69","page","type-page","status-publish","hentry"],"jetpack_shortlink":"https:\/\/wp.me\/P2HYqi-17","jetpack_sharing_enabled":true,"_links":{"self":[{"href":"https:\/\/agromarialinda.com\/es\/wp-json\/wp\/v2\/pages\/69","targetHints":{"allow":["GET"]}}],"collection":[{"href":"https:\/\/agromarialinda.com\/es\/wp-json\/wp\/v2\/pages"}],"about":[{"href":"https:\/\/agromarialinda.com\/es\/wp-json\/wp\/v2\/types\/page"}],"author":[{"embeddable":true,"href":"https:\/\/agromarialinda.com\/es\/wp-json\/wp\/v2\/users\/1"}],"replies":[{"embeddable":true,"href":"https:\/\/agromarialinda.com\/es\/wp-json\/wp\/v2\/comments?post=69"}],"version-history":[{"count":14,"href":"https:\/\/agromarialinda.com\/es\/wp-json\/wp\/v2\/pages\/69\/revisions"}],"predecessor-version":[{"id":1682,"href":"https:\/\/agromarialinda.com\/es\/wp-json\/wp\/v2\/pages\/69\/revisions\/1682"}],"wp:attachment":[{"href":"https:\/\/agromarialinda.com\/es\/wp-json\/wp\/v2\/media?parent=69"}],"curies":[{"name":"wp","href":"https:\/\/api.w.org\/{rel}","templated":true}]}}